{"id":2621,"date":"2018-08-29T10:33:08","date_gmt":"2018-08-29T10:33:08","guid":{"rendered":"http:\/\/simplycare.company\/?page_id=2621"},"modified":"2018-08-29T10:33:08","modified_gmt":"2018-08-29T10:33:08","slug":"cookies","status":"publish","type":"page","link":"https:\/\/simplycare.company\/de\/cookies\/","title":{"rendered":"Cookies"},"content":{"rendered":"<p><span style=\"color: #e24598;\"><span style=\"font-family: Open Sans;\"><span style=\"font-size: large;\"><b>Cookies<\/b><\/span><\/span><\/span><\/p>\n<p><span style=\"font-family: Open Sans;\">Die Internetseiten verwenden teilweise so genannte Cookies. Cookies richten auf Ihrem Rechner keinen Schaden an und enthalten keine Viren. Cookies dienen dazu, unser Angebot nutzerfreundlicher, effektiver und sicherer zu machen. Cookies sind kleine Textdateien, die auf Ihrem Rechner abgelegt werden und die Ihr Browser speichert.<\/span><\/p>\n<p><span style=\"font-family: Open Sans;\">Die meisten der von uns verwendeten Cookies sind so genannte &#8220;Session-Cookies&#8221;. Sie werden nach Ende Ihres Besuchs automatisch gel\u00f6scht. Andere Cookies bleiben auf Ihrem Endger\u00e4t gespeichert bis Sie diese l\u00f6schen. Diese Cookies erm\u00f6glichen es uns, Ihren Browser beim n\u00e4chsten Besuch wiederzuerkennen.<\/span><\/p>\n<p><span style=\"font-family: Open Sans;\">Sie k\u00f6nnen Ihren Browser so einstellen, dass Sie \u00fcber das Setzen von Cookies informiert werden und Cookies nur im Einzelfall erlauben, die Annahme von Cookies f\u00fcr bestimmte F\u00e4lle oder generell ausschlie\u00dfen sowie das automatische L\u00f6schen der Cookies beim Schlie\u00dfen des Browser aktivieren. Bei der Deaktivierung von Cookies kann die Funktionalit\u00e4t dieser Website eingeschr\u00e4nkt sein.<\/span><\/p>\n<p><span style=\"font-family: Open Sans;\">Cookies, die zur Durchf\u00fchrung des elektronischen Kommunikationsvorgangs oder zur Bereitstellung bestimmter, von Ihnen erw\u00fcnschter Funktionen (z.B. Warenkorbfunktion) erforderlich sind, werden auf Grundlage von Art. 6 Abs. 1 lit. f DSGVO gespeichert. Der Websitebetreiber hat ein berechtigtes Interesse an der Speicherung von Cookies zur technisch fehlerfreien und optimierten Bereitstellung seiner Dienste. Soweit andere Cookies (z.B. Cookies zur Analyse Ihres Surfverhaltens) gespeichert werden, werden diese in dieser Datenschutzerkl\u00e4rung gesondert behandelt.<\/span><\/p>\n<p><span style=\"font-family: Open Sans;\">Cookie-Richtlinien:<\/p>\n<p>1.Die Website sammelt Informationen, die in Cookies enthalten sind.<br \/>\n2.Cookie-Dateien (sog. &#8220;Cookies&#8221;) sind IT-Daten, insbesondere Textdateien, die im Endger\u00e4t des Website-Nutzers gespeichert sind und zur Nutzung der Webseiten der Website bestimmt sind. 3.Cookies enthalten in der Regel den Namen der Website, von der sie stammen, ihre Speicherzeit auf dem Endger\u00e4t und eine eindeutige Nummer.<br \/>\nCookies werden verwendet um:<br \/>\na) Anpassung des Inhalts der Website-Seiten an die Pr\u00e4ferenzen des Nutzers und Optimierung der Nutzung von Websites; insbesondere erm\u00f6glichen diese Dateien, das Ger\u00e4t des Nutzers der Website zu erkennen und die Website entsprechend seinen individuellen Bed\u00fcrfnissen anzuzeigen;<br \/>\nb) Erstellen von Statistiken, die helfen zu verstehen, wie Website-Benutzer Websites verwenden, die ihre Struktur und Inhalte verbessern k\u00f6nnen;<\/span><\/p>\n<p><span style=\"font-family: Open Sans;\">4.\u00a0\u00a0\u00a0 Die Website verwendet zwei grundlegende Arten von Cookies: Session-Cookies und dauerhafte Cookies. Session-Cookies sind tempor\u00e4re Dateien, die auf dem Endger\u00e4t des Nutzers gespeichert werden, bis sie sich abmelden, die Website verlassen oder die Software (Web-Browser) ausschalten. Permanente Cookies werden f\u00fcr die in den Cookie-Datei-Parametern angegebene Zeit auf dem Ger\u00e4t des Benutzers gespeichert oder bis sie vom Benutzer gel\u00f6scht werden.<br \/>\n5.\u00a0\u00a0\u00a0 In vielen F\u00e4llen erm\u00f6glicht die zum Browsen von Webseiten verwendete Software (Webbrowser), dass Cookies standardm\u00e4\u00dfig auf dem Ger\u00e4t des Benutzers gespeichert werden. Website-6.\u00a0\u00a0\u00a0 Benutzer k\u00f6nnen ihre Cookie-Einstellungen jederzeit \u00e4ndern. Diese Einstellungen k\u00f6nnen insbesondere derart ge\u00e4ndert werden, wie die automatische Handhabung von Cookies blockieren in Ihrer Web-Browser-Konfiguration oder informieren \u00fcber sie jedes Mal, wenn Sie in dem Ger\u00e4tedienst ein. Detaillierte Informationen zu den M\u00f6glichkeiten und M\u00f6glichkeiten des Umgangs mit Cookies finden Sie in den Einstellungen der Software (Webbrowser).<\/span><\/p>\n<p><span style=\"font-family: Open Sans;\">7. \u00a0\u00a0\u00a0 Der Betreiber der Website informiert, dass Einschr\u00e4nkungen der Verwendung von Cookies einige der auf der Website verf\u00fcgbaren Funktionen beeintr\u00e4chtigen k\u00f6nnen.<br \/>\nCookies, die auf dem Endger\u00e4t des Website-Nutzers platziert werden, k\u00f6nnen auch von Werbetreibenden und Partnern verwendet werden, die mit dem Website-Betreiber zusammenarbeiten.<br \/>\n8.\u00a0\u00a0\u00a0 Weitere Informationen zu Cookies finden Sie unter:<br \/>\n<a class=\"moz-txt-link-freetext\" href=\"http:\/\/en.wikipedia.org\/wiki\/Cookies\" target=\"_blank\" rel=\"noopener noreferrer\">http:\/\/en.wikipedia.org\/wiki\/Cookies<\/a>\u00a0oder im Abschnitt &#8220;Hilfe&#8221; im Browsermen\u00fc.<br \/>\n9.\u00a0\u00a0\u00a0 Die Website bietet Google Analytics-Funktionen &#8211; Google Analytics Interessen und demografische Merkmale. Diese Funktionen helfen dabei, den Inhalt der Seiten an Benutzer anzupassen und Statistiken zu erstellen, die helfen zu verstehen, wie und welche Website-Benutzer die Websites verwenden, wodurch ihre Struktur und Inhalte verbessert werden k\u00f6nnen.<br \/>\n10.\u00a0\u00a0 \u00a0 Remarketing wurde auch auf der Website gestartet. Wenn Benutzer die beschriebene Website mit einem Cookie betreten, wird eine bestimmte Nummer in ihren Browsern gespeichert, um sich an ihren Besuch zu erinnern. Diese Nummer identifiziert den Webbrowser auf einem bestimmten Computer, aber nicht eine Person. Die Remarketing-Funktion verwendet Cookies, um Anzeigen f\u00fcr Nutzer anzuzeigen, die die Website bereits besucht haben. Die Anzeige (die ihren vorherigen Suchanfragen entspricht) wird m\u00f6glicherweise sp\u00e4ter in Ihrem Browser angezeigt.<br \/>\n11.\u00a0\u00a0 \u00a0 Nutzer k\u00f6nnen das Remarketing, Google Analytics f\u00fcr Display-Anzeigen und die Anzeigenanpassung im Google Displaynetzwerk mithilfe der Anzeigeneinstellungen deaktivieren<\/span><\/p>\n","protected":false},"excerpt":{"rendered":"<p>Cookies Die Internetseiten verwenden teilweise so genannte Cookies. Cookies richten auf Ihrem Rechner keinen Schaden an und enthalten keine Viren. Cookies dienen dazu, unser Angebot nutzerfreundlicher, effektiver und sicherer zu [&hellip;]<\/p>\n","protected":false},"author":1,"featured_media":0,"parent":0,"menu_order":0,"comment_status":"closed","ping_status":"closed","template":"","meta":{"footnotes":""},"class_list":["post-2621","page","type-page","status-publish","hentry"],"translation":{"provider":"WPGlobus","version":"3.0.2","language":"de","enabled_languages":["pl","de"],"languages":{"pl":{"title":true,"content":true,"excerpt":false},"de":{"title":false,"content":true,"excerpt":false}}},"yoast_head":"<!-- This site is optimized with the Yoast SEO plugin v25.6 - https:\/\/yoast.com\/wordpress\/plugins\/seo\/ -->\n<title>Cookies - Simply Care Company<\/title>\n<meta name=\"robots\" content=\"noindex, follow, max-snippet:-1, max-image-preview:large, max-video-preview:-1\" \/>\n<meta property=\"og:locale\" content=\"de_DE\" \/>\n<meta property=\"og:type\" content=\"article\" \/>\n<meta property=\"og:title\" content=\"Cookies - Simply Care Company\" \/>\n<meta property=\"og:url\" content=\"https:\/\/simplycare.company\/cookies\/\" \/>\n<meta property=\"og:site_name\" content=\"Simply Care Company\" \/>\n<meta name=\"twitter:card\" content=\"summary_large_image\" \/>\n<meta name=\"twitter:label1\" content=\"Est. reading time\" \/>\n\t<meta name=\"twitter:data1\" content=\"9 minutes\" \/>\n<script type=\"application\/ld+json\" class=\"yoast-schema-graph\">{\"@context\":\"https:\/\/schema.org\",\"@graph\":[{\"@type\":\"WebPage\",\"@id\":\"https:\/\/simplycare.company\/cookies\/\",\"url\":\"https:\/\/simplycare.company\/cookies\/\",\"name\":\"Cookies - Simply Care Company\",\"isPartOf\":{\"@id\":\"https:\/\/simplycare.company\/#website\"},\"datePublished\":\"2018-08-29T10:33:08+00:00\",\"breadcrumb\":{\"@id\":\"https:\/\/simplycare.company\/cookies\/#breadcrumb\"},\"inLanguage\":\"de-DE\",\"potentialAction\":[{\"@type\":\"ReadAction\",\"target\":[\"https:\/\/simplycare.company\/cookies\/\"]}]},{\"@type\":\"BreadcrumbList\",\"@id\":\"https:\/\/simplycare.company\/cookies\/#breadcrumb\",\"itemListElement\":[{\"@type\":\"ListItem\",\"position\":1,\"name\":\"Strona g\u0142\u00f3wna\",\"item\":\"https:\/\/simplycare.company\/\"},{\"@type\":\"ListItem\",\"position\":2,\"name\":\"Cookies\"}]},{\"@type\":\"WebSite\",\"@id\":\"https:\/\/simplycare.company\/#website\",\"url\":\"https:\/\/simplycare.company\/\",\"name\":\"Simply Care Company\",\"description\":\"Praca jako opiekunka os&oacute;b starszych w Niemczech\",\"publisher\":{\"@id\":\"https:\/\/simplycare.company\/#organization\"},\"potentialAction\":[{\"@type\":\"SearchAction\",\"target\":{\"@type\":\"EntryPoint\",\"urlTemplate\":\"https:\/\/simplycare.company\/?s={search_term_string}\"},\"query-input\":{\"@type\":\"PropertyValueSpecification\",\"valueRequired\":true,\"valueName\":\"search_term_string\"}}],\"inLanguage\":\"de-DE\"},{\"@type\":\"Organization\",\"@id\":\"https:\/\/simplycare.company\/#organization\",\"name\":\"Simple Care Company\",\"url\":\"https:\/\/simplycare.company\/\",\"logo\":{\"@type\":\"ImageObject\",\"inLanguage\":\"de-DE\",\"@id\":\"https:\/\/simplycare.company\/#\/schema\/logo\/image\/\",\"url\":\"https:\/\/simplycare.company\/wp-content\/uploads\/2018\/08\/logo.png\",\"contentUrl\":\"https:\/\/simplycare.company\/wp-content\/uploads\/2018\/08\/logo.png\",\"width\":219,\"height\":82,\"caption\":\"Simple Care Company\"},\"image\":{\"@id\":\"https:\/\/simplycare.company\/#\/schema\/logo\/image\/\"}}]}<\/script>\n<!-- \/ Yoast SEO plugin. -->","yoast_head_json":{"title":"Cookies - Simply Care Company","robots":{"index":"noindex","follow":"follow","max-snippet":"max-snippet:-1","max-image-preview":"max-image-preview:large","max-video-preview":"max-video-preview:-1"},"og_locale":"de_DE","og_type":"article","og_title":"Cookies - Simply Care Company","og_url":"https:\/\/simplycare.company\/cookies\/","og_site_name":"Simply Care Company","twitter_card":"summary_large_image","twitter_misc":{"Est. reading time":"9 minutes"},"schema":{"@context":"https:\/\/schema.org","@graph":[{"@type":"WebPage","@id":"https:\/\/simplycare.company\/cookies\/","url":"https:\/\/simplycare.company\/cookies\/","name":"Cookies - Simply Care Company","isPartOf":{"@id":"https:\/\/simplycare.company\/#website"},"datePublished":"2018-08-29T10:33:08+00:00","breadcrumb":{"@id":"https:\/\/simplycare.company\/cookies\/#breadcrumb"},"inLanguage":"de-DE","potentialAction":[{"@type":"ReadAction","target":["https:\/\/simplycare.company\/cookies\/"]}]},{"@type":"BreadcrumbList","@id":"https:\/\/simplycare.company\/cookies\/#breadcrumb","itemListElement":[{"@type":"ListItem","position":1,"name":"Strona g\u0142\u00f3wna","item":"https:\/\/simplycare.company\/"},{"@type":"ListItem","position":2,"name":"Cookies"}]},{"@type":"WebSite","@id":"https:\/\/simplycare.company\/#website","url":"https:\/\/simplycare.company\/","name":"Simply Care Company","description":"Praca jako opiekunka os&oacute;b starszych w Niemczech","publisher":{"@id":"https:\/\/simplycare.company\/#organization"},"potentialAction":[{"@type":"SearchAction","target":{"@type":"EntryPoint","urlTemplate":"https:\/\/simplycare.company\/?s={search_term_string}"},"query-input":{"@type":"PropertyValueSpecification","valueRequired":true,"valueName":"search_term_string"}}],"inLanguage":"de-DE"},{"@type":"Organization","@id":"https:\/\/simplycare.company\/#organization","name":"Simple Care Company","url":"https:\/\/simplycare.company\/","logo":{"@type":"ImageObject","inLanguage":"de-DE","@id":"https:\/\/simplycare.company\/#\/schema\/logo\/image\/","url":"https:\/\/simplycare.company\/wp-content\/uploads\/2018\/08\/logo.png","contentUrl":"https:\/\/simplycare.company\/wp-content\/uploads\/2018\/08\/logo.png","width":219,"height":82,"caption":"Simple Care Company"},"image":{"@id":"https:\/\/simplycare.company\/#\/schema\/logo\/image\/"}}]}},"_links":{"self":[{"href":"https:\/\/simplycare.company\/de\/wp-json\/wp\/v2\/pages\/2621"}],"collection":[{"href":"https:\/\/simplycare.company\/de\/wp-json\/wp\/v2\/pages"}],"about":[{"href":"https:\/\/simplycare.company\/de\/wp-json\/wp\/v2\/types\/page"}],"author":[{"embeddable":true,"href":"https:\/\/simplycare.company\/de\/wp-json\/wp\/v2\/users\/1"}],"replies":[{"embeddable":true,"href":"https:\/\/simplycare.company\/de\/wp-json\/wp\/v2\/comments?post=2621"}],"version-history":[{"count":2,"href":"https:\/\/simplycare.company\/de\/wp-json\/wp\/v2\/pages\/2621\/revisions"}],"predecessor-version":[{"id":2624,"href":"https:\/\/simplycare.company\/de\/wp-json\/wp\/v2\/pages\/2621\/revisions\/2624"}],"wp:attachment":[{"href":"https:\/\/simplycare.company\/de\/wp-json\/wp\/v2\/media?parent=2621"}],"curies":[{"name":"wp","href":"https:\/\/api.w.org\/{rel}","templated":true}]}}