{"id":2540,"date":"2018-08-22T07:37:20","date_gmt":"2018-08-22T07:37:20","guid":{"rendered":"http:\/\/simplycare.company\/?page_id=2540"},"modified":"2018-10-25T07:13:09","modified_gmt":"2018-10-25T07:13:09","slug":"fragebogen","status":"publish","type":"page","link":"https:\/\/simplycare.company\/de\/fragebogen\/","title":{"rendered":"Fragebogen"},"content":{"rendered":"[vc_row][vc_column][vc_column_text]\n<h1 style=\"text-align: center;\">Nachstehend finden Sie zwei Optionen, um uns Ihre Anfrage zukommen zu lassen.<\/h1>\n<p>&#8211; Bei der Ersten nutzen Sie unseren unkomplizierten Online-Fragebogen.<\/p>\n<p>Bei der Zweiten laden Sie den Fragebogen herunter, und senden uns das Formular per Post oder eingescannt per E-Mail zu.<\/p>\n<p>Ein ausf\u00fchrlicher Fragebogen ist wichtig, damit wir eine hohe Qualit\u00e4t bei der Auswahl Ihrer Pflegehilfe sicherstellen und optimal auf Ihre W\u00fcnsche eingehen k\u00f6nnen.<\/p>\n<h1 style=\"text-align: center;\">Wir freuen uns auf Ihre Anfrage!<\/h1>\n[\/vc_column_text][\/vc_column][\/vc_row][vc_row][vc_column][vc_column_text]\n<h2><b><span lang=\"DE\" style=\"font-size: 30.0pt;\">Herunterladen &#8211; FRAGEBOGEN<\/span><\/b><\/h2>\n<hr \/>\n[\/vc_column_text][vc_row_inner][vc_column_inner width=&#8221;1\/6&#8243;][vc_icon icon_fontawesome=&#8221;fa fa-file-word-o&#8221; size=&#8221;xl&#8221; link=&#8221;url:http%3A%2F%2Fsimplycare.company%2Fwp-content%2Fuploads%2F2018%2F10%2FFragebogen.docx|title:WORD||&#8221;][\/vc_column_inner][vc_column_inner width=&#8221;1\/6&#8243;][vc_icon icon_fontawesome=&#8221;fa fa-file-pdf-o&#8221; color=&#8221;custom&#8221; size=&#8221;xl&#8221; link=&#8221;url:http%3A%2F%2Fsimplycare.company%2Fwp-content%2Fuploads%2F2018%2F10%2FFragebogen.pdf|title:PDF||&#8221; custom_color=&#8221;#dd0000&#8243;][\/vc_column_inner][vc_column_inner width=&#8221;1\/6&#8243;][\/vc_column_inner][vc_column_inner width=&#8221;1\/6&#8243;][\/vc_column_inner][vc_column_inner width=&#8221;1\/6&#8243;][\/vc_column_inner][vc_column_inner width=&#8221;1\/6&#8243;][\/vc_column_inner][\/vc_row_inner][\/vc_column][\/vc_row]\n","protected":false},"excerpt":{"rendered":"<p>[vc_row][vc_column][vc_column_text] Nachstehend finden Sie zwei Optionen, um uns Ihre Anfrage zukommen zu lassen. &#8211; Bei der Ersten nutzen Sie unseren unkomplizierten Online-Fragebogen. Bei der Zweiten laden Sie den Fragebogen herunter, [&hellip;]<\/p>\n","protected":false},"author":1,"featured_media":0,"parent":0,"menu_order":0,"comment_status":"closed","ping_status":"closed","template":"","meta":{"footnotes":""},"class_list":["post-2540","page","type-page","status-publish","hentry"],"translation":{"provider":"WPGlobus","version":"3.0.2","language":"de","enabled_languages":["pl","de"],"languages":{"pl":{"title":true,"content":true,"excerpt":false},"de":{"title":true,"content":false,"excerpt":false}}},"yoast_head":"<!-- This site is optimized with the Yoast SEO plugin v25.6 - https:\/\/yoast.com\/wordpress\/plugins\/seo\/ -->\n<title>Fragebogen - Simply Care Company<\/title>\n<meta name=\"robots\" content=\"noindex, follow, max-snippet:-1, max-image-preview:large, max-video-preview:-1\" \/>\n<meta property=\"og:locale\" content=\"de_DE\" \/>\n<meta property=\"og:type\" content=\"article\" \/>\n<meta property=\"og:title\" content=\"Fragebogen - Simply Care Company\" \/>\n<meta property=\"og:url\" content=\"https:\/\/simplycare.company\/fragebogen\/\" \/>\n<meta property=\"og:site_name\" content=\"Simply Care Company\" \/>\n<meta property=\"article:modified_time\" content=\"2018-10-25T07:13:09+00:00\" \/>\n<meta name=\"twitter:card\" content=\"summary_large_image\" \/>\n<meta name=\"twitter:label1\" content=\"Est. reading time\" \/>\n\t<meta name=\"twitter:data1\" content=\"1 minute\" \/>\n<script type=\"application\/ld+json\" class=\"yoast-schema-graph\">{\"@context\":\"https:\/\/schema.org\",\"@graph\":[{\"@type\":\"WebPage\",\"@id\":\"https:\/\/simplycare.company\/fragebogen\/\",\"url\":\"https:\/\/simplycare.company\/fragebogen\/\",\"name\":\"Fragebogen - Simply Care Company\",\"isPartOf\":{\"@id\":\"https:\/\/simplycare.company\/#website\"},\"datePublished\":\"2018-08-22T07:37:20+00:00\",\"dateModified\":\"2018-10-25T07:13:09+00:00\",\"breadcrumb\":{\"@id\":\"https:\/\/simplycare.company\/fragebogen\/#breadcrumb\"},\"inLanguage\":\"de-DE\",\"potentialAction\":[{\"@type\":\"ReadAction\",\"target\":[\"https:\/\/simplycare.company\/fragebogen\/\"]}]},{\"@type\":\"BreadcrumbList\",\"@id\":\"https:\/\/simplycare.company\/fragebogen\/#breadcrumb\",\"itemListElement\":[{\"@type\":\"ListItem\",\"position\":1,\"name\":\"Strona g\u0142\u00f3wna\",\"item\":\"https:\/\/simplycare.company\/\"},{\"@type\":\"ListItem\",\"position\":2,\"name\":\"Fragebogen\"}]},{\"@type\":\"WebSite\",\"@id\":\"https:\/\/simplycare.company\/#website\",\"url\":\"https:\/\/simplycare.company\/\",\"name\":\"Simply Care Company\",\"description\":\"Praca jako opiekunka os&oacute;b starszych w Niemczech\",\"publisher\":{\"@id\":\"https:\/\/simplycare.company\/#organization\"},\"potentialAction\":[{\"@type\":\"SearchAction\",\"target\":{\"@type\":\"EntryPoint\",\"urlTemplate\":\"https:\/\/simplycare.company\/?s={search_term_string}\"},\"query-input\":{\"@type\":\"PropertyValueSpecification\",\"valueRequired\":true,\"valueName\":\"search_term_string\"}}],\"inLanguage\":\"de-DE\"},{\"@type\":\"Organization\",\"@id\":\"https:\/\/simplycare.company\/#organization\",\"name\":\"Simple Care Company\",\"url\":\"https:\/\/simplycare.company\/\",\"logo\":{\"@type\":\"ImageObject\",\"inLanguage\":\"de-DE\",\"@id\":\"https:\/\/simplycare.company\/#\/schema\/logo\/image\/\",\"url\":\"https:\/\/simplycare.company\/wp-content\/uploads\/2018\/08\/logo.png\",\"contentUrl\":\"https:\/\/simplycare.company\/wp-content\/uploads\/2018\/08\/logo.png\",\"width\":219,\"height\":82,\"caption\":\"Simple Care Company\"},\"image\":{\"@id\":\"https:\/\/simplycare.company\/#\/schema\/logo\/image\/\"}}]}<\/script>\n<!-- \/ Yoast SEO plugin. -->","yoast_head_json":{"title":"Fragebogen - Simply Care Company","robots":{"index":"noindex","follow":"follow","max-snippet":"max-snippet:-1","max-image-preview":"max-image-preview:large","max-video-preview":"max-video-preview:-1"},"og_locale":"de_DE","og_type":"article","og_title":"Fragebogen - Simply Care Company","og_url":"https:\/\/simplycare.company\/fragebogen\/","og_site_name":"Simply Care Company","article_modified_time":"2018-10-25T07:13:09+00:00","twitter_card":"summary_large_image","twitter_misc":{"Est. reading time":"1 minute"},"schema":{"@context":"https:\/\/schema.org","@graph":[{"@type":"WebPage","@id":"https:\/\/simplycare.company\/fragebogen\/","url":"https:\/\/simplycare.company\/fragebogen\/","name":"Fragebogen - Simply Care Company","isPartOf":{"@id":"https:\/\/simplycare.company\/#website"},"datePublished":"2018-08-22T07:37:20+00:00","dateModified":"2018-10-25T07:13:09+00:00","breadcrumb":{"@id":"https:\/\/simplycare.company\/fragebogen\/#breadcrumb"},"inLanguage":"de-DE","potentialAction":[{"@type":"ReadAction","target":["https:\/\/simplycare.company\/fragebogen\/"]}]},{"@type":"BreadcrumbList","@id":"https:\/\/simplycare.company\/fragebogen\/#breadcrumb","itemListElement":[{"@type":"ListItem","position":1,"name":"Strona g\u0142\u00f3wna","item":"https:\/\/simplycare.company\/"},{"@type":"ListItem","position":2,"name":"Fragebogen"}]},{"@type":"WebSite","@id":"https:\/\/simplycare.company\/#website","url":"https:\/\/simplycare.company\/","name":"Simply Care Company","description":"Praca jako opiekunka os&oacute;b starszych w Niemczech","publisher":{"@id":"https:\/\/simplycare.company\/#organization"},"potentialAction":[{"@type":"SearchAction","target":{"@type":"EntryPoint","urlTemplate":"https:\/\/simplycare.company\/?s={search_term_string}"},"query-input":{"@type":"PropertyValueSpecification","valueRequired":true,"valueName":"search_term_string"}}],"inLanguage":"de-DE"},{"@type":"Organization","@id":"https:\/\/simplycare.company\/#organization","name":"Simple Care Company","url":"https:\/\/simplycare.company\/","logo":{"@type":"ImageObject","inLanguage":"de-DE","@id":"https:\/\/simplycare.company\/#\/schema\/logo\/image\/","url":"https:\/\/simplycare.company\/wp-content\/uploads\/2018\/08\/logo.png","contentUrl":"https:\/\/simplycare.company\/wp-content\/uploads\/2018\/08\/logo.png","width":219,"height":82,"caption":"Simple Care Company"},"image":{"@id":"https:\/\/simplycare.company\/#\/schema\/logo\/image\/"}}]}},"_links":{"self":[{"href":"https:\/\/simplycare.company\/de\/wp-json\/wp\/v2\/pages\/2540"}],"collection":[{"href":"https:\/\/simplycare.company\/de\/wp-json\/wp\/v2\/pages"}],"about":[{"href":"https:\/\/simplycare.company\/de\/wp-json\/wp\/v2\/types\/page"}],"author":[{"embeddable":true,"href":"https:\/\/simplycare.company\/de\/wp-json\/wp\/v2\/users\/1"}],"replies":[{"embeddable":true,"href":"https:\/\/simplycare.company\/de\/wp-json\/wp\/v2\/comments?post=2540"}],"version-history":[{"count":11,"href":"https:\/\/simplycare.company\/de\/wp-json\/wp\/v2\/pages\/2540\/revisions"}],"predecessor-version":[{"id":2669,"href":"https:\/\/simplycare.company\/de\/wp-json\/wp\/v2\/pages\/2540\/revisions\/2669"}],"wp:attachment":[{"href":"https:\/\/simplycare.company\/de\/wp-json\/wp\/v2\/media?parent=2540"}],"curies":[{"name":"wp","href":"https:\/\/api.w.org\/{rel}","templated":true}]}}