{"id":2531,"date":"2018-08-22T07:28:10","date_gmt":"2018-08-22T07:28:10","guid":{"rendered":"http:\/\/simplycare.company\/?page_id=2531"},"modified":"2018-08-28T08:32:04","modified_gmt":"2018-08-28T08:32:04","slug":"leistungen","status":"publish","type":"page","link":"https:\/\/simplycare.company\/de\/leistungen\/","title":{"rendered":"Leistungen"},"content":{"rendered":"[vc_row][vc_column][vc_column_text]\n<h1 class=\"Standard\" style=\"text-align: center;\">Unsere leistung auf einem Blick<\/h1>\n[\/vc_column_text][vc_column_text]Simply Care Company Sp. z o.o. bittet die h\u00e4usliche Seniorenbetreuung f\u00fcr Sie oder Ihre Angeh\u00f6ringen.<br \/>\nBetreuung bei Sie oder bei Ihrer Angeh\u00f6rigen erfolgt in der Regel durch zwei Pflegekr\u00e4fte, die im Wechselzyklus von circa zwei Monaten eingesetzt werden. Dieser Wechsel findet zwischen denselben Personen statt, um eine schnelle Gew\u00f6hnung zwischen der zu betreuenden Person, den Pflegekr\u00e4ften und den Angeh\u00f6rigen zu gew\u00e4hrleisten.<br \/>\nUnser Team k\u00fcmmern sich um s\u00e4mtliche vertraglichen Angelegenheiten und koordinieren den Betreuungs Zeit.<\/p>\n<p><strong>Die Simply Care Sp. Z o.o. Company bietet Ihnen ein bew\u00e4hrtes Konzept zur Pflege und Betreuung Ihrer Angeh\u00f6rigen in der vertrauten Umgebung des eigenen Zuhauses &#8211; zu bezahlbaren Preisen.<\/strong>[\/vc_column_text][vc_separator][\/vc_column][\/vc_row][vc_row][vc_column width=&#8221;1\/2&#8243;][vc_single_image image=&#8221;1617&#8243; img_size=&#8221;medium&#8221; alignment=&#8221;right&#8221;][\/vc_column][vc_column width=&#8221;1\/2&#8243;][vc_column_text]\n<ul>\n<li>kostenlose Beratung zu allen Belangen die Hausliche Betreuun<\/li>\n<li>Analyse des individuellen Pflege- und Betreuungsbedarfs<\/li>\n<li>kostenfreies und unverbindliches Angebot<\/li>\n<li>sorgf\u00e4ltige Vorauswahl des Personals<\/li>\n<li>komplette Abwicklung aller Vertragsverhandlungen<\/li>\n<li>Kl\u00e4rung aller Angelegenheiten rund um die An- und Abreise.<\/li>\n<\/ul>\n[\/vc_column_text][\/vc_column][\/vc_row][vc_row][vc_column width=&#8221;1\/2&#8243;][vc_column_text]Leistungen unserer professionellen &amp; liebevollen Pflegekraft<\/p>\n<ul>\n<li>Grundversorgung<\/li>\n<li>Hilfe bei der t\u00e4glichen K\u00f6rperhygiene<\/li>\n<li>Zubereitung von Mahlzeiten FOTO<\/li>\n<li>Hilfestellung bei der Nahrungsaufnahme<\/li>\n<li>Hilfe beim An- und Auskleiden<\/li>\n<li>Hilfestellung bei der Fortbewegung<\/li>\n<li>Spazierg\u00e4nge<\/li>\n<li>Begleitung bei Arztbesuchen und sonstigen Terminen<\/li>\n<li>Einkaufen<\/li>\n<li>Reinigung der Wohnung<\/li>\n<li>Unterst\u00fctzung bei spezifischen Krankheitsbildern wie z. B. :\n<ul>\n<li>Demenz aller Arten(u.a. Alzheimer),<\/li>\n<li>Krebs<\/li>\n<li>Parkinson<\/li>\n<li>Schlaganfall<\/li>\n<li>Multiple Sklerose<\/li>\n<\/ul>\n<\/li>\n<\/ul>\n[\/vc_column_text][\/vc_column][vc_column width=&#8221;1\/2&#8243;][vc_single_image image=&#8221;2053&#8243; img_size=&#8221;500&#215;300&#8243;][\/vc_column][\/vc_row][vc_row][vc_column][vc_column_text]\n<h2 style=\"text-align: center;\">Noch Fragen? Wir beraten Sie wirklich gern!<br \/>\nTelefon: 0048\/957835326<\/h2>\n[\/vc_column_text][\/vc_column][\/vc_row]\n[vc_column][vc_column_text]\n<p>&nbsp;<\/p>\n<h2 style=\"text-align: center;\">Wie k\u00f6nnen wir Ihnen Helfen?<\/h2>\n[\/vc_column_text][\/vc_column][\/vc_row][vc_row][vc_column width=&#8221;1\/2&#8243;][vc_column_text]Wir freuen uns auf Sie !<\/p>\n<p>0048\/95 783 53 26<br \/>\nbiuro@simplycare.company<br \/>\nMO-Fr 9.00-15.00<\/p>\n<h3>Zustimmung<\/h3>\n<p>Ich stimme zu, dass meine Angaben aus dem Kontaktformular<br \/>\nzur Beantwortung meiner Anfrage erhoben und verarbeitet werden.<br \/>\nDie Daten werden nach abgeschlossener Bearbeitung<br \/>\nIhrer Anfrage gel\u00f6scht. Hinweis: Sie k\u00f6nnen Ihre Einwilligung<br \/>\njederzeit f\u00fcr die Zukunft per E-Mail<br \/>\nan biuro@simplycare.company widerrufen.[\/vc_column_text][\/vc_column][vc_column parallax=&#8221;content-moving&#8221; parallax_image=&#8221;1584&#8243; width=&#8221;1\/2&#8243; css=&#8221;.vc_custom_1535445029805{background-position: center !important;background-repeat: no-repeat !important;background-size: contain !important;}&#8221;]\n<div class=\"wpcf7 no-js\" id=\"wpcf7-f2586-o1\" lang=\"pl-PL\" dir=\"ltr\" data-wpcf7-id=\"2586\">\n<div class=\"screen-reader-response\"><p role=\"status\" aria-live=\"polite\" aria-atomic=\"true\"><\/p> <ul><\/ul><\/div>\n<form action=\"\/de\/wp-json\/wp\/v2\/pages\/2531#wpcf7-f2586-o1\" method=\"post\" class=\"wpcf7-form init\" aria-label=\"Contact form\" novalidate=\"novalidate\" data-status=\"init\">\n<div style=\"display: none;\">\n<input type=\"hidden\" name=\"_wpcf7\" value=\"2586\" \/>\n<input type=\"hidden\" name=\"_wpcf7_version\" value=\"6.0.6\" \/>\n<input type=\"hidden\" name=\"_wpcf7_locale\" value=\"pl_PL\" \/>\n<input type=\"hidden\" name=\"_wpcf7_unit_tag\" value=\"wpcf7-f2586-o1\" \/>\n<input type=\"hidden\" name=\"_wpcf7_container_post\" value=\"0\" \/>\n<input type=\"hidden\" name=\"_wpcf7_posted_data_hash\" value=\"\" \/>\n<\/div>\n<p><label> Nachname und Vorname<br \/>\n<span class=\"wpcf7-form-control-wrap\" data-name=\"your-name\"><input size=\"40\" maxlength=\"400\" class=\"wpcf7-form-control wpcf7-text wpcf7-validates-as-required\" aria-required=\"true\" aria-invalid=\"false\" value=\"\" type=\"text\" name=\"your-name\" \/><\/span> <\/label>\n<\/p>\n<p><label> Telefon<br \/>\n<span class=\"wpcf7-form-control-wrap\" data-name=\"telefon\"><input size=\"40\" maxlength=\"400\" class=\"wpcf7-form-control wpcf7-tel wpcf7-text wpcf7-validates-as-tel\" aria-invalid=\"false\" value=\"\" type=\"tel\" name=\"telefon\" \/><\/span><\/label>\n<\/p>\n<p><span class=\"wpcf7-form-control-wrap\" data-name=\"your-email\"><input size=\"40\" maxlength=\"400\" class=\"wpcf7-form-control wpcf7-email wpcf7-validates-as-required wpcf7-text wpcf7-validates-as-email\" aria-required=\"true\" aria-invalid=\"false\" value=\"\" type=\"email\" name=\"your-email\" \/><\/span>\n<\/p>\n<p><label> Ihre Nachricht<br \/>\n<span class=\"wpcf7-form-control-wrap\" data-name=\"your-message\"><textarea cols=\"40\" rows=\"10\" maxlength=\"2000\" class=\"wpcf7-form-control wpcf7-textarea\" aria-invalid=\"false\" name=\"your-message\">Guten Morgen, bitte kontaktieren Sie mich<\/textarea><\/span> <\/label>\n<\/p>\n<p><input class=\"wpcf7-form-control wpcf7-submit has-spinner\" type=\"submit\" value=\"Absenden\" \/>\n<\/p><p style=\"display: none !important;\" class=\"akismet-fields-container\" data-prefix=\"_wpcf7_ak_\"><label>&#916;<textarea name=\"_wpcf7_ak_hp_textarea\" cols=\"45\" rows=\"8\" maxlength=\"100\"><\/textarea><\/label><input type=\"hidden\" id=\"ak_js_1\" name=\"_wpcf7_ak_js\" value=\"44\"\/><script>document.getElementById( \"ak_js_1\" ).setAttribute( \"value\", ( new Date() ).getTime() );<\/script><\/p><div class=\"wpcf7-response-output\" aria-hidden=\"true\"><\/div>\n<\/form>\n<\/div>\n[\/vc_column][\/vc_row]\n","protected":false},"excerpt":{"rendered":"<p>[vc_row][vc_column][vc_column_text] Unsere leistung auf einem Blick [\/vc_column_text][vc_column_text]Simply Care Company Sp. z o.o. bittet die h\u00e4usliche Seniorenbetreuung f\u00fcr Sie oder Ihre Angeh\u00f6ringen. Betreuung bei Sie oder bei Ihrer Angeh\u00f6rigen erfolgt in [&hellip;]<\/p>\n","protected":false},"author":1,"featured_media":0,"parent":0,"menu_order":0,"comment_status":"closed","ping_status":"closed","template":"","meta":{"footnotes":""},"class_list":["post-2531","page","type-page","status-publish","hentry"],"translation":{"provider":"WPGlobus","version":"3.0.2","language":"de","enabled_languages":["pl","de"],"languages":{"pl":{"title":true,"content":true,"excerpt":false},"de":{"title":false,"content":false,"excerpt":false}}},"yoast_head":"<!-- This site is optimized with the Yoast SEO plugin v25.6 - https:\/\/yoast.com\/wordpress\/plugins\/seo\/ -->\n<title>Leistungen - Simply Care Company<\/title>\n<meta name=\"robots\" content=\"noindex, follow, max-snippet:-1, max-image-preview:large, max-video-preview:-1\" \/>\n<meta property=\"og:locale\" content=\"de_DE\" \/>\n<meta property=\"og:type\" content=\"article\" \/>\n<meta property=\"og:title\" content=\"Leistungen - Simply Care Company\" \/>\n<meta property=\"og:url\" content=\"https:\/\/simplycare.company\/leistungen\/\" \/>\n<meta property=\"og:site_name\" content=\"Simply Care Company\" \/>\n<meta property=\"article:modified_time\" content=\"2018-08-28T08:32:04+00:00\" \/>\n<meta name=\"twitter:card\" content=\"summary_large_image\" \/>\n<meta name=\"twitter:label1\" content=\"Est. reading time\" \/>\n\t<meta name=\"twitter:data1\" content=\"2 minutes\" \/>\n<script type=\"application\/ld+json\" class=\"yoast-schema-graph\">{\"@context\":\"https:\/\/schema.org\",\"@graph\":[{\"@type\":\"WebPage\",\"@id\":\"https:\/\/simplycare.company\/leistungen\/\",\"url\":\"https:\/\/simplycare.company\/leistungen\/\",\"name\":\"Leistungen - Simply Care Company\",\"isPartOf\":{\"@id\":\"https:\/\/simplycare.company\/#website\"},\"datePublished\":\"2018-08-22T07:28:10+00:00\",\"dateModified\":\"2018-08-28T08:32:04+00:00\",\"breadcrumb\":{\"@id\":\"https:\/\/simplycare.company\/leistungen\/#breadcrumb\"},\"inLanguage\":\"de-DE\",\"potentialAction\":[{\"@type\":\"ReadAction\",\"target\":[\"https:\/\/simplycare.company\/leistungen\/\"]}]},{\"@type\":\"BreadcrumbList\",\"@id\":\"https:\/\/simplycare.company\/leistungen\/#breadcrumb\",\"itemListElement\":[{\"@type\":\"ListItem\",\"position\":1,\"name\":\"Strona g\u0142\u00f3wna\",\"item\":\"https:\/\/simplycare.company\/\"},{\"@type\":\"ListItem\",\"position\":2,\"name\":\"Leistungen\"}]},{\"@type\":\"WebSite\",\"@id\":\"https:\/\/simplycare.company\/#website\",\"url\":\"https:\/\/simplycare.company\/\",\"name\":\"Simply Care Company\",\"description\":\"Praca jako opiekunka os&oacute;b starszych w Niemczech\",\"publisher\":{\"@id\":\"https:\/\/simplycare.company\/#organization\"},\"potentialAction\":[{\"@type\":\"SearchAction\",\"target\":{\"@type\":\"EntryPoint\",\"urlTemplate\":\"https:\/\/simplycare.company\/?s={search_term_string}\"},\"query-input\":{\"@type\":\"PropertyValueSpecification\",\"valueRequired\":true,\"valueName\":\"search_term_string\"}}],\"inLanguage\":\"de-DE\"},{\"@type\":\"Organization\",\"@id\":\"https:\/\/simplycare.company\/#organization\",\"name\":\"Simple Care Company\",\"url\":\"https:\/\/simplycare.company\/\",\"logo\":{\"@type\":\"ImageObject\",\"inLanguage\":\"de-DE\",\"@id\":\"https:\/\/simplycare.company\/#\/schema\/logo\/image\/\",\"url\":\"https:\/\/simplycare.company\/wp-content\/uploads\/2018\/08\/logo.png\",\"contentUrl\":\"https:\/\/simplycare.company\/wp-content\/uploads\/2018\/08\/logo.png\",\"width\":219,\"height\":82,\"caption\":\"Simple Care Company\"},\"image\":{\"@id\":\"https:\/\/simplycare.company\/#\/schema\/logo\/image\/\"}}]}<\/script>\n<!-- \/ Yoast SEO plugin. -->","yoast_head_json":{"title":"Leistungen - Simply Care Company","robots":{"index":"noindex","follow":"follow","max-snippet":"max-snippet:-1","max-image-preview":"max-image-preview:large","max-video-preview":"max-video-preview:-1"},"og_locale":"de_DE","og_type":"article","og_title":"Leistungen - Simply Care Company","og_url":"https:\/\/simplycare.company\/leistungen\/","og_site_name":"Simply Care Company","article_modified_time":"2018-08-28T08:32:04+00:00","twitter_card":"summary_large_image","twitter_misc":{"Est. reading time":"2 minutes"},"schema":{"@context":"https:\/\/schema.org","@graph":[{"@type":"WebPage","@id":"https:\/\/simplycare.company\/leistungen\/","url":"https:\/\/simplycare.company\/leistungen\/","name":"Leistungen - Simply Care Company","isPartOf":{"@id":"https:\/\/simplycare.company\/#website"},"datePublished":"2018-08-22T07:28:10+00:00","dateModified":"2018-08-28T08:32:04+00:00","breadcrumb":{"@id":"https:\/\/simplycare.company\/leistungen\/#breadcrumb"},"inLanguage":"de-DE","potentialAction":[{"@type":"ReadAction","target":["https:\/\/simplycare.company\/leistungen\/"]}]},{"@type":"BreadcrumbList","@id":"https:\/\/simplycare.company\/leistungen\/#breadcrumb","itemListElement":[{"@type":"ListItem","position":1,"name":"Strona g\u0142\u00f3wna","item":"https:\/\/simplycare.company\/"},{"@type":"ListItem","position":2,"name":"Leistungen"}]},{"@type":"WebSite","@id":"https:\/\/simplycare.company\/#website","url":"https:\/\/simplycare.company\/","name":"Simply Care Company","description":"Praca jako opiekunka os&oacute;b starszych w Niemczech","publisher":{"@id":"https:\/\/simplycare.company\/#organization"},"potentialAction":[{"@type":"SearchAction","target":{"@type":"EntryPoint","urlTemplate":"https:\/\/simplycare.company\/?s={search_term_string}"},"query-input":{"@type":"PropertyValueSpecification","valueRequired":true,"valueName":"search_term_string"}}],"inLanguage":"de-DE"},{"@type":"Organization","@id":"https:\/\/simplycare.company\/#organization","name":"Simple Care Company","url":"https:\/\/simplycare.company\/","logo":{"@type":"ImageObject","inLanguage":"de-DE","@id":"https:\/\/simplycare.company\/#\/schema\/logo\/image\/","url":"https:\/\/simplycare.company\/wp-content\/uploads\/2018\/08\/logo.png","contentUrl":"https:\/\/simplycare.company\/wp-content\/uploads\/2018\/08\/logo.png","width":219,"height":82,"caption":"Simple Care Company"},"image":{"@id":"https:\/\/simplycare.company\/#\/schema\/logo\/image\/"}}]}},"_links":{"self":[{"href":"https:\/\/simplycare.company\/de\/wp-json\/wp\/v2\/pages\/2531"}],"collection":[{"href":"https:\/\/simplycare.company\/de\/wp-json\/wp\/v2\/pages"}],"about":[{"href":"https:\/\/simplycare.company\/de\/wp-json\/wp\/v2\/types\/page"}],"author":[{"embeddable":true,"href":"https:\/\/simplycare.company\/de\/wp-json\/wp\/v2\/users\/1"}],"replies":[{"embeddable":true,"href":"https:\/\/simplycare.company\/de\/wp-json\/wp\/v2\/comments?post=2531"}],"version-history":[{"count":9,"href":"https:\/\/simplycare.company\/de\/wp-json\/wp\/v2\/pages\/2531\/revisions"}],"predecessor-version":[{"id":2603,"href":"https:\/\/simplycare.company\/de\/wp-json\/wp\/v2\/pages\/2531\/revisions\/2603"}],"wp:attachment":[{"href":"https:\/\/simplycare.company\/de\/wp-json\/wp\/v2\/media?parent=2531"}],"curies":[{"name":"wp","href":"https:\/\/api.w.org\/{rel}","templated":true}]}}