{"id":2505,"date":"2018-08-10T06:29:27","date_gmt":"2018-08-10T06:29:27","guid":{"rendered":"http:\/\/simplycare.company\/?page_id=2505"},"modified":"2018-08-10T06:37:36","modified_gmt":"2018-08-10T06:37:36","slug":"praca-w-niemczech","status":"publish","type":"page","link":"https:\/\/simplycare.company\/de\/praca-w-niemczech\/","title":{"rendered":"Praca w Niemczech"},"content":{"rendered":"<ul>\n<li>Wymagania od kandydat\u00f3w<\/li>\n<li>Do\u015bwiadczenie w opiece nad osob\u0105 starsz\u0105 (mo\u017ce to by\u0107 w\u0142asna rodzina np. babcia, dziadek, s\u0105siad)<\/li>\n<li>Uczciwo\u015b\u0107 i empatia<\/li>\n<li>Rzetelno\u015b\u0107 wykonywania obowi\u0105zk\u00f3w<\/li>\n<li>Mile widziana znajomo\u015b\u0107 j\u0119zyka niemieckiego<\/li>\n<li>Dodatkowym atutem jest prawo jazdy<\/li>\n<li>Najcz\u0119\u015bciej zadawane pytania:<\/li>\n<li>Na jak d\u0142ugo mo\u017cna wyjecha\u0107?<\/li>\n<\/ul>\n<p>Proponujemy du\u017c\u0105 elastyczno\u015b\u0107 w zakresie d\u0142ugo\u015bci kontrakt\u00f3w. Standardowo to jeden miesi\u0105c, zdarzaj\u0105 si\u0119 te\u017c wyjazdy dwutygodniowe. Najd\u0142u\u017cszy okres wyjazdu to nawet kilka miesi\u0119cy. Wszystko zale\u017cy od preferencji opiekuna\/ki.<\/p>\n<ul>\n<li>Na jakich warunkach s\u0105 organizowane wyjazdy (forma zatrudnienia)?<\/li>\n<\/ul>\n<p>Proponujemy umow\u0119 o \u015bwiadczenie us\u0142ug z wszelkimi wymogami prawnymi dotycz\u0105cymi osk\u0142adkowania\u00a0 i opodatkowania<\/p>\n<ul>\n<li>Jakie s\u0105 mo\u017cliwo\u015bci otrzymanego wynagrodzenia?<\/li>\n<\/ul>\n<p>Poziom wynagrodzenia jest uzale\u017cniony od znajomo\u015bci j\u0119zyka niemieckiego.Zale\u017cy tak\u017ce od posiadanego do\u015bwiadczenia w zakresie opieki nad osobami starszymi, lub niesamodzielnymi.<\/p>\n<ul>\n<li>Jakie warunki trzeba spe\u0142ni\u0107 aby pracowa\u0107 w Pa\u0144stwa firmie jako opiekunka?<\/li>\n<\/ul>\n<p>Najwa\u017cniejszym kryterium jest ch\u0119\u0107 do pracy i niesienia pomocy osobom starszym. Kolejnym atutem b\u0119d\u0105 znajomo\u015b\u0107 j\u0119zyka niemieckiego( w celu komunikacji z podopiecznym) oraz do\u015bwiadczenie w opiece.<\/p>\n<ul>\n<li>Czy maj\u0105 Pa\u0144stwo jakie\u015b oferty pracy i jak d\u0142ugo si\u0119 czeka na wyjazd?<\/li>\n<\/ul>\n<p>Oferty pracy s\u0105 aktualizowane na naszej stronie na bie\u017c\u0105co. Je\u015bli chodzi o termin wyjazdu, to czasami jest on nawet kilkudniowy.<\/p>\n<ul>\n<li>Jak przebiega proces rekrutacji?<\/li>\n<\/ul>\n<p>Po zg\u0142oszeniu si\u0119 do nas np. przez formularz na stronie internetowej, lub poprzez telefon, przeprowadzamy rozmow\u0119 telefoniczn\u0105, w trakcie kt\u00f3rej przedstawimy nasz\u0105 firm\u0119, ofert\u0119 i odpowiemy na wszystkie podstawowe pytania. Porozmawiamy tak\u017ce odno\u015bnie posiadanego do\u015bwiadczenia w zakresie opieki oraz znajomo\u015bci j\u0119zyka niemieckiego. W przypadku pozytywnego przebiegu rozmowy, pozostaje tylko podpisanie umowy i wyjazd do rodziny.<\/p>\n<ul>\n<li>Jak wygl\u0105da dojazd, kto ponosi koszty przejazdu?<\/li>\n<\/ul>\n<p>Zapewnienie transportu le\u017cy postronnie firmy. Koszty dojazdu ponosi pracodawca na podstawie zawartej umowy.<\/p>\n<ul>\n<li>Jakie choroby najcz\u0119\u015bciej wyst\u0119puj\u0105 u podopiecznych?<\/li>\n<\/ul>\n<p>Jest wiele chor\u00f3b wyst\u0119puj\u0105cych wsp\u00f3lnie u os\u00f3b starszych. Jednak do najcz\u0119stszych nale\u017c\u0105: Alheimer, cukrzyca, nowotwory, Parkinson, choroby neurologiczne (problemy z poruszaniem si\u0119 podopiecznego)<\/p>\n<ul>\n<li>Wa\u017cne informacje:<\/li>\n<\/ul>\n<p>Telefony alarmowe w Niemczech:<\/p>\n<ul>\n<li>Policja \/ POLIZEI IN DEUTSCHLAND \u2013\u00a0<strong><u><a href=\"tel:110\">110<\/a><\/u><\/strong><\/li>\n<li>Stra\u017c Po\u017carna \/ NOTRUF\/FEUERWHER IN DEUTSCHLAND \u2013\u00a0<strong><u><a href=\"tel:112\">112<\/a><\/u><\/strong><\/li>\n<li>Pogotowie ratunkowe \/ RETTUNGSDIENST RUFEN \u2013\u00a0<strong><u><a href=\"tel:112\">112<\/a><\/u><\/strong><\/li>\n<\/ul>\n<p>Dzwoni\u0105c pod numer\u00a0<strong><u><a href=\"tel:112\">112<\/a><\/u><\/strong>, nast\u0105pi po\u0142\u0105czenie z Centrum Powiadamiania Ratunkowego (CPR), kt\u00f3re przekieruje rozmow\u0119 w zale\u017cno\u015bci od sytuacji na policj\u0119, pogotowie lub stra\u017c po\u017carn\u0105.<\/p>\n<p>Dzwoni\u0105c pod numery alarmowe, nale\u017cy mie\u0107 przygotowane nast\u0119puj\u0105ce informacje:<\/p>\n<ul>\n<li>miasto<\/li>\n<li>ulica<\/li>\n<li>numer domu i mieszkania<\/li>\n<li>imi\u0119 i nazwisko podopiecznego<\/li>\n<\/ul>\n<p>Nale\u017cy pami\u0119ta\u0107, \u017ce rozmowa zostanie zako\u0144czona przez ratownika \u2013 nie nale\u017cy wcze\u015bniej si\u0119 roz\u0142\u0105cza\u0107.<\/p>\n<ul>\n<li>Nag\u0142a konieczno\u015b\u0107 powrotu do Polski<\/li>\n<li>W przypadku udokumentowanych sytuacji losowych, takich jak choroba, hospitalizacja, czy \u015bmier\u0107 cz\u0142onka rodziny, istnieje mo\u017cliwo\u015b\u0107 wcze\u015bniejszego powrotu z kontraktu.<\/li>\n<li>Taki powr\u00f3t zawsze musi by\u0107 uzgodniony z pracodawc\u0105. W przypadku braku kontaktu pod stacjonarnym numerem telefonu (95783-86-26) nale\u017cy kontaktowa\u0107 si\u0119 z alarmowym numerem telefonu: (693-164-087, lub 693-164-094) przedstawiaj\u0105c pow\u00f3d konieczno\u015bci powrotu oraz odpowiednie dokumenty, takie jak: akt zgonu, za\u015bwiadczenie lekarskie itp. Nale\u017cy pami\u0119ta\u0107, \u017ce w \u017cadnym wypadku nie mo\u017cemy wyjecha\u0107 od podopiecznego bez wcze\u015bniejszej informacji, pozostawiaj\u0105c go bez opieki. Samowolne opuszczanie miejsca \u015bwiadczenia us\u0142ug jest niedozwolone. Pami\u0119tajmy te\u017c, \u017ce firma potrzebuje czasu na znalezienie innego opiekuna na nasze miejsce, aby ci\u0105g\u0142o\u015b\u0107 opieki zosta\u0142a zachowana.<\/li>\n<li>\u015amier\u0107 podopiecznego- zawsze jest dla nas trudnym prze\u017cyciem, ale i takie sytuacje si\u0119 zdarzaj\u0105. W takim przypadku w pierwszej kolejno\u015bci zawiadamiamy pogotowie ratunkowe oraz rodzin\u0119, kolejnym krokiem jest poinformowanie agencji w celu podj\u0119cia decyzji o powrocie do kraju. W wyj\u0105tkowych sytuacjach mo\u017ce si\u0119 zdarzy\u0107 \u017ce rodzina poprosi opiekuna\/opiekunk\u0119 aby pozosta\u0142a z nimi do dnia pogrzebu.<\/li>\n<\/ul>\n","protected":false},"excerpt":{"rendered":"<p>Wymagania od kandydat\u00f3w Do\u015bwiadczenie w opiece nad osob\u0105 starsz\u0105 (mo\u017ce to by\u0107 w\u0142asna rodzina np. babcia, dziadek, s\u0105siad) Uczciwo\u015b\u0107 i empatia Rzetelno\u015b\u0107 wykonywania obowi\u0105zk\u00f3w Mile widziana znajomo\u015b\u0107 j\u0119zyka niemieckiego Dodatkowym [&hellip;]<\/p>\n","protected":false},"author":1,"featured_media":0,"parent":0,"menu_order":0,"comment_status":"closed","ping_status":"closed","template":"","meta":{"footnotes":""},"class_list":["post-2505","page","type-page","status-publish","hentry"],"translation":{"provider":"WPGlobus","version":"3.0.2","language":"de","enabled_languages":["pl","de"],"languages":{"pl":{"title":true,"content":true,"excerpt":false},"de":{"title":false,"content":false,"excerpt":false}}},"yoast_head":"<!-- This site is optimized with the Yoast SEO plugin v25.6 - https:\/\/yoast.com\/wordpress\/plugins\/seo\/ -->\n<title>Praca w Niemczech - Simply Care Company<\/title>\n<meta name=\"robots\" content=\"noindex, follow, max-snippet:-1, max-image-preview:large, max-video-preview:-1\" \/>\n<meta property=\"og:locale\" content=\"de_DE\" \/>\n<meta property=\"og:type\" content=\"article\" \/>\n<meta property=\"og:title\" content=\"Praca w Niemczech - Simply Care Company\" \/>\n<meta property=\"og:url\" content=\"https:\/\/simplycare.company\/praca-w-niemczech\/\" \/>\n<meta property=\"og:site_name\" content=\"Simply Care Company\" \/>\n<meta property=\"article:modified_time\" content=\"2018-08-10T06:37:36+00:00\" \/>\n<meta name=\"twitter:card\" content=\"summary_large_image\" \/>\n<meta name=\"twitter:label1\" content=\"Est. reading time\" \/>\n\t<meta name=\"twitter:data1\" content=\"3 minutes\" \/>\n<script type=\"application\/ld+json\" class=\"yoast-schema-graph\">{\"@context\":\"https:\/\/schema.org\",\"@graph\":[{\"@type\":\"WebPage\",\"@id\":\"https:\/\/simplycare.company\/praca-w-niemczech\/\",\"url\":\"https:\/\/simplycare.company\/praca-w-niemczech\/\",\"name\":\"Praca w Niemczech - Simply Care Company\",\"isPartOf\":{\"@id\":\"https:\/\/simplycare.company\/#website\"},\"datePublished\":\"2018-08-10T06:29:27+00:00\",\"dateModified\":\"2018-08-10T06:37:36+00:00\",\"breadcrumb\":{\"@id\":\"https:\/\/simplycare.company\/praca-w-niemczech\/#breadcrumb\"},\"inLanguage\":\"de-DE\",\"potentialAction\":[{\"@type\":\"ReadAction\",\"target\":[\"https:\/\/simplycare.company\/praca-w-niemczech\/\"]}]},{\"@type\":\"BreadcrumbList\",\"@id\":\"https:\/\/simplycare.company\/praca-w-niemczech\/#breadcrumb\",\"itemListElement\":[{\"@type\":\"ListItem\",\"position\":1,\"name\":\"Strona g\u0142\u00f3wna\",\"item\":\"https:\/\/simplycare.company\/\"},{\"@type\":\"ListItem\",\"position\":2,\"name\":\"Praca w Niemczech\"}]},{\"@type\":\"WebSite\",\"@id\":\"https:\/\/simplycare.company\/#website\",\"url\":\"https:\/\/simplycare.company\/\",\"name\":\"Simply Care Company\",\"description\":\"Praca jako opiekunka os&oacute;b starszych w Niemczech\",\"publisher\":{\"@id\":\"https:\/\/simplycare.company\/#organization\"},\"potentialAction\":[{\"@type\":\"SearchAction\",\"target\":{\"@type\":\"EntryPoint\",\"urlTemplate\":\"https:\/\/simplycare.company\/?s={search_term_string}\"},\"query-input\":{\"@type\":\"PropertyValueSpecification\",\"valueRequired\":true,\"valueName\":\"search_term_string\"}}],\"inLanguage\":\"de-DE\"},{\"@type\":\"Organization\",\"@id\":\"https:\/\/simplycare.company\/#organization\",\"name\":\"Simple Care Company\",\"url\":\"https:\/\/simplycare.company\/\",\"logo\":{\"@type\":\"ImageObject\",\"inLanguage\":\"de-DE\",\"@id\":\"https:\/\/simplycare.company\/#\/schema\/logo\/image\/\",\"url\":\"https:\/\/simplycare.company\/wp-content\/uploads\/2018\/08\/logo.png\",\"contentUrl\":\"https:\/\/simplycare.company\/wp-content\/uploads\/2018\/08\/logo.png\",\"width\":219,\"height\":82,\"caption\":\"Simple Care Company\"},\"image\":{\"@id\":\"https:\/\/simplycare.company\/#\/schema\/logo\/image\/\"}}]}<\/script>\n<!-- \/ Yoast SEO plugin. -->","yoast_head_json":{"title":"Praca w Niemczech - Simply Care Company","robots":{"index":"noindex","follow":"follow","max-snippet":"max-snippet:-1","max-image-preview":"max-image-preview:large","max-video-preview":"max-video-preview:-1"},"og_locale":"de_DE","og_type":"article","og_title":"Praca w Niemczech - Simply Care Company","og_url":"https:\/\/simplycare.company\/praca-w-niemczech\/","og_site_name":"Simply Care Company","article_modified_time":"2018-08-10T06:37:36+00:00","twitter_card":"summary_large_image","twitter_misc":{"Est. reading time":"3 minutes"},"schema":{"@context":"https:\/\/schema.org","@graph":[{"@type":"WebPage","@id":"https:\/\/simplycare.company\/praca-w-niemczech\/","url":"https:\/\/simplycare.company\/praca-w-niemczech\/","name":"Praca w Niemczech - Simply Care Company","isPartOf":{"@id":"https:\/\/simplycare.company\/#website"},"datePublished":"2018-08-10T06:29:27+00:00","dateModified":"2018-08-10T06:37:36+00:00","breadcrumb":{"@id":"https:\/\/simplycare.company\/praca-w-niemczech\/#breadcrumb"},"inLanguage":"de-DE","potentialAction":[{"@type":"ReadAction","target":["https:\/\/simplycare.company\/praca-w-niemczech\/"]}]},{"@type":"BreadcrumbList","@id":"https:\/\/simplycare.company\/praca-w-niemczech\/#breadcrumb","itemListElement":[{"@type":"ListItem","position":1,"name":"Strona g\u0142\u00f3wna","item":"https:\/\/simplycare.company\/"},{"@type":"ListItem","position":2,"name":"Praca w Niemczech"}]},{"@type":"WebSite","@id":"https:\/\/simplycare.company\/#website","url":"https:\/\/simplycare.company\/","name":"Simply Care Company","description":"Praca jako opiekunka os&oacute;b starszych w Niemczech","publisher":{"@id":"https:\/\/simplycare.company\/#organization"},"potentialAction":[{"@type":"SearchAction","target":{"@type":"EntryPoint","urlTemplate":"https:\/\/simplycare.company\/?s={search_term_string}"},"query-input":{"@type":"PropertyValueSpecification","valueRequired":true,"valueName":"search_term_string"}}],"inLanguage":"de-DE"},{"@type":"Organization","@id":"https:\/\/simplycare.company\/#organization","name":"Simple Care Company","url":"https:\/\/simplycare.company\/","logo":{"@type":"ImageObject","inLanguage":"de-DE","@id":"https:\/\/simplycare.company\/#\/schema\/logo\/image\/","url":"https:\/\/simplycare.company\/wp-content\/uploads\/2018\/08\/logo.png","contentUrl":"https:\/\/simplycare.company\/wp-content\/uploads\/2018\/08\/logo.png","width":219,"height":82,"caption":"Simple Care Company"},"image":{"@id":"https:\/\/simplycare.company\/#\/schema\/logo\/image\/"}}]}},"_links":{"self":[{"href":"https:\/\/simplycare.company\/de\/wp-json\/wp\/v2\/pages\/2505"}],"collection":[{"href":"https:\/\/simplycare.company\/de\/wp-json\/wp\/v2\/pages"}],"about":[{"href":"https:\/\/simplycare.company\/de\/wp-json\/wp\/v2\/types\/page"}],"author":[{"embeddable":true,"href":"https:\/\/simplycare.company\/de\/wp-json\/wp\/v2\/users\/1"}],"replies":[{"embeddable":true,"href":"https:\/\/simplycare.company\/de\/wp-json\/wp\/v2\/comments?post=2505"}],"version-history":[{"count":3,"href":"https:\/\/simplycare.company\/de\/wp-json\/wp\/v2\/pages\/2505\/revisions"}],"predecessor-version":[{"id":2510,"href":"https:\/\/simplycare.company\/de\/wp-json\/wp\/v2\/pages\/2505\/revisions\/2510"}],"wp:attachment":[{"href":"https:\/\/simplycare.company\/de\/wp-json\/wp\/v2\/media?parent=2505"}],"curies":[{"name":"wp","href":"https:\/\/api.w.org\/{rel}","templated":true}]}}