{"id":1288,"date":"2017-01-14T07:04:37","date_gmt":"2017-01-14T07:04:37","guid":{"rendered":"http:\/\/localhost\/senior_care_wp\/?page_id=1288"},"modified":"2018-11-02T08:44:21","modified_gmt":"2018-11-02T08:44:21","slug":"o-nas","status":"publish","type":"page","link":"https:\/\/simplycare.company\/de\/o-nas\/","title":{"rendered":"Uber uns &#8211; Qualit\u00e4t die Sicherheit gibt!!!"},"content":{"rendered":"[vc_row][vc_column][vc_column_text][\/vc_column_text][\/vc_column][\/vc_row][vc_row][vc_column width=&#8221;1\/2&#8243;][vc_single_image image=&#8221;2148&#8243; img_size=&#8221;555&#215;600&#8243; css_animation=&#8221;fadeInLeft&#8221;][\/vc_column][vc_column css_animation=&#8221;fadeInRight&#8221; width=&#8221;1\/2&#8243;][vc_column_text]\n<div class=\"about-us-info\">\n<p>Wir sind ein neues Unternehmen auf dem deutschen und polnischen Markt, aber unser erfahrenes Team arbeitet seit mehreren Jahren mit mehreren Unternehmen zusammen, die sich mit der Alten- und Behindertenbetreuung besch\u00e4ftigen.<\/p>\n<p>Von innen kennen wir die Probleme \u00e4lterer Menschen, die t\u00e4glich von Familien konfrontiert werden. Krankheiten, Altersschwierigkeiten, mangelnde M\u00f6glichkeit des normalen Funktionierens in der Gesellschaft.<\/p>\n<p>Wir sind Partner in Bezug auf unsere Mitarbeiter (Betreuer). Jeden Tag bieten wir ihnen Hilfe und Unterst\u00fctzung an. Wir l\u00f6sen jedes Problem in Polen oder in Deutschland gemeinsam, damit unsere Mitarbeiter ein Gef\u00fchl der Sicherheit haben und die Kunden zufrieden sind.<\/p>\n<p>Qualit\u00e4t und Mission\u00a0von Simply Cre Company<\/p>\n<p>&nbsp;<\/p>\n<p>Wir wollen uns st\u00e4ndig den sich ver\u00e4ndernden Bed\u00fcrfnissen unserer Kunden anpassen.<\/p>\n<p>Wir pr\u00fcfen die Bed\u00fcrfnisse und Erwartungen unserer Kunden, pr\u00fcfen die Qualifikationen unserer Vorgesetzten und schulen unsere Mitarbeiter, um Dienstleistungen auf h\u00f6chstem Niveau zu erbringen.<\/p>\n<p>Die Mission unserer Firma ist die Sicherheit und der Komfort von Dienstleistungen, die neue Ziele entdecken und vertrauensw\u00fcrdig bauen.<\/p>\n<p>Simply Care Company\u00a0 bittet :<\/p>\n<ul>\n<li>die h\u00e4usliche Seniorenbetreuung\u00a0 f\u00fcr Sie oder Ihre Angeh\u00f6rigen .<\/li>\n<li>Pflege und Betreuung zu Hause durch kompetente und sozialversicherte\u00a0 Pflegekr\u00e4fte.<\/li>\n<li>Unser erfahrenes Team hilft und ber\u00e4t Sie Gerne .\n<ul>\n<li>Deutsch sprachige Beratung \/ telefonisch aber auch vor Ort bei Ihnen zu Hause<\/li>\n<\/ul>\n<\/li>\n<\/ul>\n<\/div>\n[\/vc_column_text][\/vc_column]\n[vc_column][vc_column_text]\n<p>&nbsp;<\/p>\n<h2 style=\"text-align: center;\">Wie k\u00f6nnen wir Ihnen Helfen?<\/h2>\n[\/vc_column_text][\/vc_column][\/vc_row][vc_row][vc_column width=&#8221;1\/2&#8243;][vc_column_text]Wir freuen uns auf Sie !<\/p>\n<p>0048\/95 783 53 26<br \/>\nbiuro@simplycare.company<br \/>\nMO-Fr 9.00-15.00<\/p>\n<h4>Zustimmung<\/h4>\n<p style=\"font-size: 10px;\">Ich stimme zu, dass meine Angaben aus dem Kontaktformular<br \/>\nzur Beantwortung meiner Anfrage erhoben und verarbeitet werden.<br \/>\nDie Daten werden nach abgeschlossener Bearbeitung<br \/>\nIhrer Anfrage gel\u00f6scht. Hinweis: Sie k\u00f6nnen Ihre Einwilligung<br \/>\njederzeit f\u00fcr die Zukunft per E-Mail<br \/>\nan biuro@simplycare.company widerrufen.<\/p>\n[\/vc_column_text][\/vc_column][vc_column parallax=&#8221;content-moving&#8221; parallax_image=&#8221;1584&#8243; width=&#8221;1\/2&#8243; css=&#8221;.vc_custom_1535445029805{background-position: center !important;background-repeat: no-repeat !important;background-size: contain !important;}&#8221;]\n<div class=\"wpcf7 no-js\" id=\"wpcf7-f2586-o1\" lang=\"pl-PL\" dir=\"ltr\" data-wpcf7-id=\"2586\">\n<div class=\"screen-reader-response\"><p role=\"status\" aria-live=\"polite\" aria-atomic=\"true\"><\/p> <ul><\/ul><\/div>\n<form action=\"\/de\/wp-json\/wp\/v2\/pages\/1288#wpcf7-f2586-o1\" method=\"post\" class=\"wpcf7-form init\" aria-label=\"Contact form\" novalidate=\"novalidate\" data-status=\"init\">\n<div style=\"display: none;\">\n<input type=\"hidden\" name=\"_wpcf7\" value=\"2586\" \/>\n<input type=\"hidden\" name=\"_wpcf7_version\" value=\"6.0.6\" \/>\n<input type=\"hidden\" name=\"_wpcf7_locale\" value=\"pl_PL\" \/>\n<input type=\"hidden\" name=\"_wpcf7_unit_tag\" value=\"wpcf7-f2586-o1\" \/>\n<input type=\"hidden\" name=\"_wpcf7_container_post\" value=\"0\" \/>\n<input type=\"hidden\" name=\"_wpcf7_posted_data_hash\" value=\"\" \/>\n<\/div>\n<p><label> Nachname und Vorname<br \/>\n<span class=\"wpcf7-form-control-wrap\" data-name=\"your-name\"><input size=\"40\" maxlength=\"400\" class=\"wpcf7-form-control wpcf7-text wpcf7-validates-as-required\" aria-required=\"true\" aria-invalid=\"false\" value=\"\" type=\"text\" name=\"your-name\" \/><\/span> <\/label>\n<\/p>\n<p><label> Telefon<br \/>\n<span class=\"wpcf7-form-control-wrap\" data-name=\"telefon\"><input size=\"40\" maxlength=\"400\" class=\"wpcf7-form-control wpcf7-tel wpcf7-text wpcf7-validates-as-tel\" aria-invalid=\"false\" value=\"\" type=\"tel\" name=\"telefon\" \/><\/span><\/label>\n<\/p>\n<p><span class=\"wpcf7-form-control-wrap\" data-name=\"your-email\"><input size=\"40\" maxlength=\"400\" class=\"wpcf7-form-control wpcf7-email wpcf7-validates-as-required wpcf7-text wpcf7-validates-as-email\" aria-required=\"true\" aria-invalid=\"false\" value=\"\" type=\"email\" name=\"your-email\" \/><\/span>\n<\/p>\n<p><label> Ihre Nachricht<br \/>\n<span class=\"wpcf7-form-control-wrap\" data-name=\"your-message\"><textarea cols=\"40\" rows=\"10\" maxlength=\"2000\" class=\"wpcf7-form-control wpcf7-textarea\" aria-invalid=\"false\" name=\"your-message\">Guten Morgen, bitte kontaktieren Sie mich<\/textarea><\/span> <\/label>\n<\/p>\n<p><input class=\"wpcf7-form-control wpcf7-submit has-spinner\" type=\"submit\" value=\"Absenden\" \/>\n<\/p><p style=\"display: none !important;\" class=\"akismet-fields-container\" data-prefix=\"_wpcf7_ak_\"><label>&#916;<textarea name=\"_wpcf7_ak_hp_textarea\" cols=\"45\" rows=\"8\" maxlength=\"100\"><\/textarea><\/label><input type=\"hidden\" id=\"ak_js_1\" name=\"_wpcf7_ak_js\" value=\"180\"\/><script>document.getElementById( \"ak_js_1\" ).setAttribute( \"value\", ( new Date() ).getTime() );<\/script><\/p><div class=\"wpcf7-response-output\" aria-hidden=\"true\"><\/div>\n<\/form>\n<\/div>\n[\/vc_column][\/vc_row]\n","protected":false},"excerpt":{"rendered":"<p>[vc_row][vc_column][vc_column_text][\/vc_column_text][\/vc_column][\/vc_row][vc_row][vc_column width=&#8221;1\/2&#8243;][vc_single_image image=&#8221;2148&#8243; img_size=&#8221;555&#215;600&#8243; css_animation=&#8221;fadeInLeft&#8221;][\/vc_column][vc_column css_animation=&#8221;fadeInRight&#8221; width=&#8221;1\/2&#8243;][vc_column_text] Wir sind ein neues Unternehmen auf dem deutschen und polnischen Markt, aber unser erfahrenes Team arbeitet seit mehreren Jahren mit mehreren Unternehmen zusammen, [&hellip;]<\/p>\n","protected":false},"author":1,"featured_media":0,"parent":0,"menu_order":0,"comment_status":"closed","ping_status":"closed","template":"template-fullwidth.php","meta":{"footnotes":""},"class_list":["post-1288","page","type-page","status-publish","hentry"],"translation":{"provider":"WPGlobus","version":"3.0.2","language":"de","enabled_languages":["pl","de"],"languages":{"pl":{"title":true,"content":true,"excerpt":false},"de":{"title":true,"content":true,"excerpt":false}}},"yoast_head":"<!-- This site is optimized with the Yoast SEO plugin v25.6 - https:\/\/yoast.com\/wordpress\/plugins\/seo\/ -->\n<title>Uber uns - Qualit\u00e4t die Sicherheit gibt!!! - Simply Care Company<\/title>\n<meta name=\"robots\" content=\"noindex, follow, max-snippet:-1, max-image-preview:large, max-video-preview:-1\" \/>\n<meta property=\"og:locale\" content=\"de_DE\" \/>\n<meta property=\"og:type\" content=\"article\" \/>\n<meta property=\"og:title\" content=\"Uber uns - Qualit\u00e4t die Sicherheit gibt!!! - Simply Care Company\" \/>\n<meta property=\"og:url\" content=\"https:\/\/simplycare.company\/o-nas\/\" \/>\n<meta property=\"og:site_name\" content=\"Simply Care Company\" \/>\n<meta property=\"article:modified_time\" content=\"2018-11-02T08:44:21+00:00\" \/>\n<meta name=\"twitter:card\" content=\"summary_large_image\" \/>\n<meta name=\"twitter:label1\" content=\"Est. reading time\" \/>\n\t<meta name=\"twitter:data1\" content=\"3 minutes\" \/>\n<script type=\"application\/ld+json\" class=\"yoast-schema-graph\">{\"@context\":\"https:\/\/schema.org\",\"@graph\":[{\"@type\":\"WebPage\",\"@id\":\"https:\/\/simplycare.company\/o-nas\/\",\"url\":\"https:\/\/simplycare.company\/o-nas\/\",\"name\":\"Uber uns - Qualit\u00e4t die Sicherheit gibt!!! - Simply Care Company\",\"isPartOf\":{\"@id\":\"https:\/\/simplycare.company\/#website\"},\"datePublished\":\"2017-01-14T07:04:37+00:00\",\"dateModified\":\"2018-11-02T08:44:21+00:00\",\"breadcrumb\":{\"@id\":\"https:\/\/simplycare.company\/o-nas\/#breadcrumb\"},\"inLanguage\":\"de-DE\",\"potentialAction\":[{\"@type\":\"ReadAction\",\"target\":[\"https:\/\/simplycare.company\/o-nas\/\"]}]},{\"@type\":\"BreadcrumbList\",\"@id\":\"https:\/\/simplycare.company\/o-nas\/#breadcrumb\",\"itemListElement\":[{\"@type\":\"ListItem\",\"position\":1,\"name\":\"Strona g\u0142\u00f3wna\",\"item\":\"https:\/\/simplycare.company\/\"},{\"@type\":\"ListItem\",\"position\":2,\"name\":\"O nas\"}]},{\"@type\":\"WebSite\",\"@id\":\"https:\/\/simplycare.company\/#website\",\"url\":\"https:\/\/simplycare.company\/\",\"name\":\"Simply Care Company\",\"description\":\"Praca jako opiekunka os&oacute;b starszych w Niemczech\",\"publisher\":{\"@id\":\"https:\/\/simplycare.company\/#organization\"},\"potentialAction\":[{\"@type\":\"SearchAction\",\"target\":{\"@type\":\"EntryPoint\",\"urlTemplate\":\"https:\/\/simplycare.company\/?s={search_term_string}\"},\"query-input\":{\"@type\":\"PropertyValueSpecification\",\"valueRequired\":true,\"valueName\":\"search_term_string\"}}],\"inLanguage\":\"de-DE\"},{\"@type\":\"Organization\",\"@id\":\"https:\/\/simplycare.company\/#organization\",\"name\":\"Simple Care Company\",\"url\":\"https:\/\/simplycare.company\/\",\"logo\":{\"@type\":\"ImageObject\",\"inLanguage\":\"de-DE\",\"@id\":\"https:\/\/simplycare.company\/#\/schema\/logo\/image\/\",\"url\":\"https:\/\/simplycare.company\/wp-content\/uploads\/2018\/08\/logo.png\",\"contentUrl\":\"https:\/\/simplycare.company\/wp-content\/uploads\/2018\/08\/logo.png\",\"width\":219,\"height\":82,\"caption\":\"Simple Care Company\"},\"image\":{\"@id\":\"https:\/\/simplycare.company\/#\/schema\/logo\/image\/\"}}]}<\/script>\n<!-- \/ Yoast SEO plugin. -->","yoast_head_json":{"title":"Uber uns - Qualit\u00e4t die Sicherheit gibt!!! - Simply Care Company","robots":{"index":"noindex","follow":"follow","max-snippet":"max-snippet:-1","max-image-preview":"max-image-preview:large","max-video-preview":"max-video-preview:-1"},"og_locale":"de_DE","og_type":"article","og_title":"Uber uns - Qualit\u00e4t die Sicherheit gibt!!! - Simply Care Company","og_url":"https:\/\/simplycare.company\/o-nas\/","og_site_name":"Simply Care Company","article_modified_time":"2018-11-02T08:44:21+00:00","twitter_card":"summary_large_image","twitter_misc":{"Est. reading time":"3 minutes"},"schema":{"@context":"https:\/\/schema.org","@graph":[{"@type":"WebPage","@id":"https:\/\/simplycare.company\/o-nas\/","url":"https:\/\/simplycare.company\/o-nas\/","name":"Uber uns - Qualit\u00e4t die Sicherheit gibt!!! - Simply Care Company","isPartOf":{"@id":"https:\/\/simplycare.company\/#website"},"datePublished":"2017-01-14T07:04:37+00:00","dateModified":"2018-11-02T08:44:21+00:00","breadcrumb":{"@id":"https:\/\/simplycare.company\/o-nas\/#breadcrumb"},"inLanguage":"de-DE","potentialAction":[{"@type":"ReadAction","target":["https:\/\/simplycare.company\/o-nas\/"]}]},{"@type":"BreadcrumbList","@id":"https:\/\/simplycare.company\/o-nas\/#breadcrumb","itemListElement":[{"@type":"ListItem","position":1,"name":"Strona g\u0142\u00f3wna","item":"https:\/\/simplycare.company\/"},{"@type":"ListItem","position":2,"name":"O nas"}]},{"@type":"WebSite","@id":"https:\/\/simplycare.company\/#website","url":"https:\/\/simplycare.company\/","name":"Simply Care Company","description":"Praca jako opiekunka os&oacute;b starszych w Niemczech","publisher":{"@id":"https:\/\/simplycare.company\/#organization"},"potentialAction":[{"@type":"SearchAction","target":{"@type":"EntryPoint","urlTemplate":"https:\/\/simplycare.company\/?s={search_term_string}"},"query-input":{"@type":"PropertyValueSpecification","valueRequired":true,"valueName":"search_term_string"}}],"inLanguage":"de-DE"},{"@type":"Organization","@id":"https:\/\/simplycare.company\/#organization","name":"Simple Care Company","url":"https:\/\/simplycare.company\/","logo":{"@type":"ImageObject","inLanguage":"de-DE","@id":"https:\/\/simplycare.company\/#\/schema\/logo\/image\/","url":"https:\/\/simplycare.company\/wp-content\/uploads\/2018\/08\/logo.png","contentUrl":"https:\/\/simplycare.company\/wp-content\/uploads\/2018\/08\/logo.png","width":219,"height":82,"caption":"Simple Care Company"},"image":{"@id":"https:\/\/simplycare.company\/#\/schema\/logo\/image\/"}}]}},"_links":{"self":[{"href":"https:\/\/simplycare.company\/de\/wp-json\/wp\/v2\/pages\/1288"}],"collection":[{"href":"https:\/\/simplycare.company\/de\/wp-json\/wp\/v2\/pages"}],"about":[{"href":"https:\/\/simplycare.company\/de\/wp-json\/wp\/v2\/types\/page"}],"author":[{"embeddable":true,"href":"https:\/\/simplycare.company\/de\/wp-json\/wp\/v2\/users\/1"}],"replies":[{"embeddable":true,"href":"https:\/\/simplycare.company\/de\/wp-json\/wp\/v2\/comments?post=1288"}],"version-history":[{"count":36,"href":"https:\/\/simplycare.company\/de\/wp-json\/wp\/v2\/pages\/1288\/revisions"}],"predecessor-version":[{"id":2676,"href":"https:\/\/simplycare.company\/de\/wp-json\/wp\/v2\/pages\/1288\/revisions\/2676"}],"wp:attachment":[{"href":"https:\/\/simplycare.company\/de\/wp-json\/wp\/v2\/media?parent=1288"}],"curies":[{"name":"wp","href":"https:\/\/api.w.org\/{rel}","templated":true}]}}